{"id":5536,"date":"2026-04-17T16:59:16","date_gmt":"2026-04-17T14:59:16","guid":{"rendered":"https:\/\/ambpodgorica.esteri.it\/?page_id=5536"},"modified":"2026-04-17T16:59:16","modified_gmt":"2026-04-17T14:59:16","slug":"informazioni-per-i-viaggiatori","status":"publish","type":"page","link":"https:\/\/ambpodgorica.esteri.it\/me\/servizi-consolari-e-visti\/servizi-per-il-cittadino-italiano\/informazioni-per-i-viaggiatori\/","title":{"rendered":"Informazioni per i Viaggiatori"},"content":{"rendered":"<p style=\"text-align: justify;\">Si raccomanda vivamente a tutti i connazionali che desiderino recarsi in Montenegro di consultare il sito web \u201c<a href=\"https:\/\/www.viaggiaresicuri.it\/find-country\/country\/MNE\">Viaggiare Sicuri<\/a>\u201c, a cura dell\u2019Unit\u00e0 di Crisi del Ministero degli Affari Esteri , che reca informazioni aggiornate e consigli utili per il viaggiatore.<\/p>\n<p style=\"text-align: justify;\">Si raccomanda altres\u00ec di registrare i dati del proprio viaggio sul sito \u201c<a href=\"https:\/\/www.dovesiamonelmondo.it\/home.html?1\">Dove Siamo nel Mondo<\/a>\u201c, sempre a cura dell\u2019Unit\u00e0 di Crisi del Ministero degli Affari Esteri. Grazie alla registrazione del viaggio, l\u2019Unit\u00e0 di Crisi pu\u00f2 stimare in modo pi\u00f9 preciso il numero dei connazionali presenti in aree di crisi, individuarne l\u2019identit\u00e0 e pianificare gli interventi di assistenza qualora sopraggiunga una grave situazione d\u2019emergenza.<\/p>\n<p style=\"text-align: justify;\">Al fine di conoscere le prestazioni sanitarie cui possono avere titolo i cittadini italiani che si rechino in Montenegro, si invita a consultare l\u2019apposita pagina web \u201c<a href=\"https:\/\/www.dovesiamonelmondo.it\/home.html?1\">Se parto per<\/a>\u201d predisposta dal Ministero della Salute.<\/p>\n","protected":false},"excerpt":{"rendered":"Si raccomanda vivamente a tutti i connazionali che desiderino recarsi in Montenegro di consultare il sito web \u201cViaggiare Sicuri\u201c, a cura dell\u2019Unit\u00e0 di Crisi del Ministero degli Affari Esteri , che reca informazioni aggiornate e consigli utili per il viaggiatore. Si raccomanda altres\u00ec di registrare i dati del proprio viaggio sul sito \u201cDove Siamo nel [&hellip;]","protected":false},"author":10,"featured_media":0,"parent":170,"menu_order":0,"comment_status":"closed","ping_status":"closed","template":"","meta":{"footnotes":""},"class_list":["post-5536","page","type-page","status-publish","hentry"],"_links":{"self":[{"href":"https:\/\/ambpodgorica.esteri.it\/me\/wp-json\/wp\/v2\/pages\/5536","targetHints":{"allow":["GET"]}}],"collection":[{"href":"https:\/\/ambpodgorica.esteri.it\/me\/wp-json\/wp\/v2\/pages"}],"about":[{"href":"https:\/\/ambpodgorica.esteri.it\/me\/wp-json\/wp\/v2\/types\/page"}],"author":[{"embeddable":true,"href":"https:\/\/ambpodgorica.esteri.it\/me\/wp-json\/wp\/v2\/users\/10"}],"replies":[{"embeddable":true,"href":"https:\/\/ambpodgorica.esteri.it\/me\/wp-json\/wp\/v2\/comments?post=5536"}],"version-history":[{"count":1,"href":"https:\/\/ambpodgorica.esteri.it\/me\/wp-json\/wp\/v2\/pages\/5536\/revisions"}],"predecessor-version":[{"id":5539,"href":"https:\/\/ambpodgorica.esteri.it\/me\/wp-json\/wp\/v2\/pages\/5536\/revisions\/5539"}],"up":[{"embeddable":true,"href":"https:\/\/ambpodgorica.esteri.it\/me\/wp-json\/wp\/v2\/pages\/170"}],"wp:attachment":[{"href":"https:\/\/ambpodgorica.esteri.it\/me\/wp-json\/wp\/v2\/media?parent=5536"}],"curies":[{"name":"wp","href":"https:\/\/api.w.org\/{rel}","templated":true}]}}