{"id":727,"date":"2023-11-10T17:43:05","date_gmt":"2023-11-10T16:43:05","guid":{"rendered":"https:\/\/ambpodgorica.esteri.it\/servizi-consolari-e-visti\/servizi-per-il-cittadino-straniero\/navigazione-marittima\/"},"modified":"2023-11-22T16:43:03","modified_gmt":"2023-11-22T15:43:03","slug":"navigazione-marittima","status":"publish","type":"page","link":"https:\/\/ambpodgorica.esteri.it\/me\/servizi-consolari-e-visti\/servizi-per-il-cittadino-straniero\/navigazione-marittima\/","title":{"rendered":"Pomorska plovidba"},"content":{"rendered":"<p>Konzularnoj vlasti pripisuju se iste ovlasti i funkcije koje u Italiji obavlja pomorska vlast (pomorska uprava, ured koji predsjedava pomorskim podru\u010djem, lu\u010dka kapetanija, ured koji je odgovoran za pomorski kompartment, itd.) i koji obavljaju niz administrativnih i navigacijskih policijskih du\u017enosti u vezi s nacionalnim brodarstvom u inostranstvu i pomorcima koji su tamo ukrcani, kako je utvr\u0111eno Kodeksom plovidbe i pripadaju\u0107im provedbenim propisima, va\u017ee\u0107im pomorskim zakonodavstvom, kao i konvencijama i me\u0111unarodnim sporazuma, koje je ratifikovala Italija ili kojima se Italija pridru\u017eila.<\/p>\n<p>Ove atribucije, u smislu maksimalne generalizacije, mogu se sa\u017eeti na sljede\u0107i na\u010din:<br \/>\n\u2022 nadzor plovidbe i nacionalnog pomorskog saobra\u0107aja u inostranstvu;<br \/>\n\u2022 pu\u0161tanje po\u0161iljki na brodove pod italijanskom zastavom u stranim lukama;<br \/>\n\u2022 ukrcaj\/iskrcaj pomorskog osoblja na italijanske brodove;<br \/>\n\u2022 izdavanje &#8220;potvr\u0111ivanja&#8221; certifikata IMO-STCW-&#8217;95 oficirima palube i in\u017eenjerije i GMDSS radio operaterima tre\u0107ih zemalja sa kojima je Italija sklopila posebne bilateralne sporazume o priznavanju za potrebe ukrcaja na jedrenjake pod italijanskom zastavom;<br \/>\n\u2022 repatrijacije u korist pomoraca; obaveze koje se odnose na administrativni re\u017eim brodova (naoru\u017eavanje i razoru\u017eavanje italijanskih brodova u inostranstvu, nacionalizacija stranih brodova, otklanjanje zastave sa italijanskih brodova, izvr\u0161enje pomorskog reklamiranja statuta, prevo\u0111enje i prestanak vlasni\u0161tva i drugih stvarnih prava i garancija) ;<br \/>\n\u2022 osloba\u0111anje privremenog prolaza i dnevnika;<br \/>\n\u2022 obaveze koje se odnose na dokumente o civilnom statusu koji su kompletirani na brodu i na procese nestanka na moru;<br \/>\n\u2022 izdavanje\/obnavljanje\/produ\u017eenje sigurnosnih certifikata;<br \/>\n\u2022 istra\u017ene funkcije za kratke istrage koje se odnose na pomorske \u017ertve i povrede pomorskog osoblja;<br \/>\n\u2022 provjere i istrage o izvje\u0161tajima o vanrednim doga\u0111ajima koje podnosi komanda na brodu;<br \/>\n\u2022 disciplinska ovla\u0161tenja prema pomorskom osoblju ukrcanom na talijanske brodove i ovla\u0161tenja sudske policije.<\/p>\n","protected":false},"excerpt":{"rendered":"Konzularnoj vlasti pripisuju se iste ovlasti i funkcije koje u Italiji obavlja pomorska vlast (pomorska uprava, ured koji predsjedava pomorskim podru\u010djem, lu\u010dka kapetanija, ured koji je odgovoran za pomorski kompartment, itd.) i koji obavljaju niz administrativnih i navigacijskih policijskih du\u017enosti u vezi s nacionalnim brodarstvom u inostranstvu i pomorcima koji su tamo ukrcani, kako je [&hellip;]","protected":false},"author":4,"featured_media":0,"parent":183,"menu_order":0,"comment_status":"closed","ping_status":"closed","template":"","meta":{"footnotes":""},"class_list":["post-727","page","type-page","status-publish","hentry"],"_links":{"self":[{"href":"https:\/\/ambpodgorica.esteri.it\/me\/wp-json\/wp\/v2\/pages\/727","targetHints":{"allow":["GET"]}}],"collection":[{"href":"https:\/\/ambpodgorica.esteri.it\/me\/wp-json\/wp\/v2\/pages"}],"about":[{"href":"https:\/\/ambpodgorica.esteri.it\/me\/wp-json\/wp\/v2\/types\/page"}],"author":[{"embeddable":true,"href":"https:\/\/ambpodgorica.esteri.it\/me\/wp-json\/wp\/v2\/users\/4"}],"replies":[{"embeddable":true,"href":"https:\/\/ambpodgorica.esteri.it\/me\/wp-json\/wp\/v2\/comments?post=727"}],"version-history":[{"count":1,"href":"https:\/\/ambpodgorica.esteri.it\/me\/wp-json\/wp\/v2\/pages\/727\/revisions"}],"predecessor-version":[{"id":729,"href":"https:\/\/ambpodgorica.esteri.it\/me\/wp-json\/wp\/v2\/pages\/727\/revisions\/729"}],"up":[{"embeddable":true,"href":"https:\/\/ambpodgorica.esteri.it\/me\/wp-json\/wp\/v2\/pages\/183"}],"wp:attachment":[{"href":"https:\/\/ambpodgorica.esteri.it\/me\/wp-json\/wp\/v2\/media?parent=727"}],"curies":[{"name":"wp","href":"https:\/\/api.w.org\/{rel}","templated":true}]}}